{"id":915,"date":"2025-01-04T01:42:09","date_gmt":"2025-01-03T22:42:09","guid":{"rendered":"https:\/\/www.bugun.app\/product\/pizzeria-il-pellicano\/"},"modified":"2025-01-06T21:53:54","modified_gmt":"2025-01-06T18:53:54","slug":"pizzeria-il-pellicano","status":"publish","type":"product","link":"https:\/\/www.bugun.app\/en\/product\/pizzeria-il-pellicano\/","title":{"rendered":"Pizzeria Il Pellicano"},"content":{"rendered":"<p>Moda&#8217;n\u0131n sakin sokaklar\u0131nda konumlanan Pizzeria Il Pellicano, Napoli&#8217;li \u015fef Salvatore taraf\u0131ndan y\u00f6netilen ve ger\u00e7ek Napoli pizzas\u0131 deneyimi sunan \u00f6zel bir mekand\u0131r. \u0130nce hamurlu, kabar\u0131k kenarl\u0131 ve odun f\u0131r\u0131n\u0131nda pi\u015firilen pizzalar\u0131yla tan\u0131n\u0131r. Kullan\u0131lan t\u00fcm malzemeler taze ve katk\u0131s\u0131zd\u0131r, pizzalar\u0131 geleneksel Napoli tariflerine sad\u0131k kalarak haz\u0131rlan\u0131r.<\/p>\n<p>Men\u00fcs\u00fcnde klasik Margherita (domates sosu, mozzarella, fesle\u011fen), Spinaci (mozzarella, ricotta, krema, \u0131spanak) ve \u00f6zel tariflerden Pellicano pizzas\u0131 gibi \u00e7e\u015fitler yer al\u0131r. Hem samimi atmosferi hem de lezzet odakl\u0131 yakla\u015f\u0131m\u0131yla, Kad\u0131k\u00f6y&#8217;deki pizza severler i\u00e7in pop\u00fcler bir durakt\u0131r.<\/p>\n<p>Restoran\u0131n s\u0131cak ve samimi ortam\u0131, Napoli ruhunu yans\u0131tan dekorasyonu ve kaliteli hizmet anlay\u0131\u015f\u0131 ile hem g\u00fcnl\u00fck bulu\u015fmalar hem de \u00f6zel yemekler i\u00e7in ideal bir mekan sunuyor.<\/p>\n","protected":false},"excerpt":{"rendered":"<p>Moda&#8217;n\u0131n sakin sokaklar\u0131nda konumlanan Pizzeria Il Pellicano, Napoli&#8217;li \u015fef Salvatore taraf\u0131ndan y\u00f6netilen ve ger\u00e7ek Napoli pizzas\u0131 deneyimi sunan \u00f6zel bir mekand\u0131r. \u0130nce hamurlu, kabar\u0131k kenarl\u0131 ve odun f\u0131r\u0131n\u0131nda pi\u015firilen pizzalar\u0131yla tan\u0131n\u0131r. Kullan\u0131lan t\u00fcm malzemeler taze ve katk\u0131s\u0131zd\u0131r, pizzalar\u0131 geleneksel Napoli tariflerine sad\u0131k kalarak haz\u0131rlan\u0131r. Men\u00fcs\u00fcnde klasik Margherita (domates sosu, mozzarella, fesle\u011fen), Spinaci (mozzarella, ricotta, krema, [&hellip;]<\/p>\n","protected":false},"featured_media":0,"comment_status":"open","ping_status":"closed","template":"","meta":[],"product_brand":[],"product_cat":[22],"product_tag":[],"class_list":{"0":"post-915","1":"product","2":"type-product","3":"status-publish","5":"product_cat-listeo-booking","7":"first","8":"instock","9":"virtual","10":"sold-individually","11":"purchasable","12":"product-type-listing_booking"},"yoast_head":"<!-- This site is optimized with the Yoast SEO plugin v27.1.1 - https:\/\/yoast.com\/product\/yoast-seo-wordpress\/ -->\n<title>Pizzeria Il Pellicano - bugun<\/title>\n<meta name=\"robots\" content=\"index, follow, max-snippet:-1, max-image-preview:large, max-video-preview:-1\" \/>\n<link rel=\"canonical\" href=\"https:\/\/www.bugun.app\/en\/product\/pizzeria-il-pellicano\/\" \/>\n<meta property=\"og:locale\" content=\"en_US\" \/>\n<meta property=\"og:type\" content=\"article\" \/>\n<meta property=\"og:title\" content=\"Pizzeria Il Pellicano - bugun\" \/>\n<meta property=\"og:description\" content=\"Moda&#8217;n\u0131n sakin sokaklar\u0131nda konumlanan Pizzeria Il Pellicano, Napoli&#8217;li \u015fef Salvatore taraf\u0131ndan y\u00f6netilen ve ger\u00e7ek Napoli pizzas\u0131 deneyimi sunan \u00f6zel bir mekand\u0131r. \u0130nce hamurlu, kabar\u0131k kenarl\u0131 ve odun f\u0131r\u0131n\u0131nda pi\u015firilen pizzalar\u0131yla tan\u0131n\u0131r. Kullan\u0131lan t\u00fcm malzemeler taze ve katk\u0131s\u0131zd\u0131r, pizzalar\u0131 geleneksel Napoli tariflerine sad\u0131k kalarak haz\u0131rlan\u0131r. Men\u00fcs\u00fcnde klasik Margherita (domates sosu, mozzarella, fesle\u011fen), Spinaci (mozzarella, ricotta, krema, [&hellip;]\" \/>\n<meta property=\"og:url\" content=\"https:\/\/www.bugun.app\/en\/product\/pizzeria-il-pellicano\/\" \/>\n<meta property=\"og:site_name\" content=\"bugun\" \/>\n<meta property=\"article:modified_time\" content=\"2025-01-06T18:53:54+00:00\" \/>\n<meta name=\"twitter:card\" content=\"summary_large_image\" \/>\n<meta name=\"twitter:label1\" content=\"Est. reading time\" \/>\n\t<meta name=\"twitter:data1\" content=\"1 minute\" \/>\n<script type=\"application\/ld+json\" class=\"yoast-schema-graph\">{\"@context\":\"https:\/\/schema.org\",\"@graph\":[{\"@type\":\"WebPage\",\"@id\":\"https:\/\/www.bugun.app\/en\/product\/pizzeria-il-pellicano\/\",\"url\":\"https:\/\/www.bugun.app\/en\/product\/pizzeria-il-pellicano\/\",\"name\":\"Pizzeria Il Pellicano - bugun\",\"isPartOf\":{\"@id\":\"https:\/\/www.bugun.app\/en\/#website\"},\"datePublished\":\"2025-01-03T22:42:09+00:00\",\"dateModified\":\"2025-01-06T18:53:54+00:00\",\"breadcrumb\":{\"@id\":\"https:\/\/www.bugun.app\/en\/product\/pizzeria-il-pellicano\/#breadcrumb\"},\"inLanguage\":\"en-US\",\"potentialAction\":[{\"@type\":\"ReadAction\",\"target\":[\"https:\/\/www.bugun.app\/en\/product\/pizzeria-il-pellicano\/\"]}]},{\"@type\":\"BreadcrumbList\",\"@id\":\"https:\/\/www.bugun.app\/en\/product\/pizzeria-il-pellicano\/#breadcrumb\",\"itemListElement\":[{\"@type\":\"ListItem\",\"position\":1,\"name\":\"Home\",\"item\":\"https:\/\/www.bugun.app\/en\/\"},{\"@type\":\"ListItem\",\"position\":2,\"name\":\"Shop\",\"item\":\"https:\/\/www.bugun.app\/shop\/\"},{\"@type\":\"ListItem\",\"position\":3,\"name\":\"Pizzeria Il Pellicano\"}]},{\"@type\":\"WebSite\",\"@id\":\"https:\/\/www.bugun.app\/en\/#website\",\"url\":\"https:\/\/www.bugun.app\/en\/\",\"name\":\"bug\u00fcn\",\"description\":\"bug\u00fcn ne yapsam?\",\"publisher\":{\"@id\":\"https:\/\/www.bugun.app\/en\/#organization\"},\"potentialAction\":[{\"@type\":\"SearchAction\",\"target\":{\"@type\":\"EntryPoint\",\"urlTemplate\":\"https:\/\/www.bugun.app\/en\/?s={search_term_string}\"},\"query-input\":{\"@type\":\"PropertyValueSpecification\",\"valueRequired\":true,\"valueName\":\"search_term_string\"}}],\"inLanguage\":\"en-US\"},{\"@type\":\"Organization\",\"@id\":\"https:\/\/www.bugun.app\/en\/#organization\",\"name\":\"bugun.app\",\"url\":\"https:\/\/www.bugun.app\/en\/\",\"logo\":{\"@type\":\"ImageObject\",\"inLanguage\":\"en-US\",\"@id\":\"https:\/\/www.bugun.app\/en\/#\/schema\/logo\/image\/\",\"url\":\"https:\/\/www.bugun.app\/wp-content\/uploads\/2024\/12\/bugun-2.png\",\"contentUrl\":\"https:\/\/www.bugun.app\/wp-content\/uploads\/2024\/12\/bugun-2.png\",\"width\":996,\"height\":494,\"caption\":\"bugun.app\"},\"image\":{\"@id\":\"https:\/\/www.bugun.app\/en\/#\/schema\/logo\/image\/\"},\"sameAs\":[\"https:\/\/www.instagram.com\/bugun.app\/\"]}]}<\/script>\n<!-- \/ Yoast SEO plugin. -->","yoast_head_json":{"title":"Pizzeria Il Pellicano - bugun","robots":{"index":"index","follow":"follow","max-snippet":"max-snippet:-1","max-image-preview":"max-image-preview:large","max-video-preview":"max-video-preview:-1"},"canonical":"https:\/\/www.bugun.app\/en\/product\/pizzeria-il-pellicano\/","og_locale":"en_US","og_type":"article","og_title":"Pizzeria Il Pellicano - bugun","og_description":"Moda&#8217;n\u0131n sakin sokaklar\u0131nda konumlanan Pizzeria Il Pellicano, Napoli&#8217;li \u015fef Salvatore taraf\u0131ndan y\u00f6netilen ve ger\u00e7ek Napoli pizzas\u0131 deneyimi sunan \u00f6zel bir mekand\u0131r. \u0130nce hamurlu, kabar\u0131k kenarl\u0131 ve odun f\u0131r\u0131n\u0131nda pi\u015firilen pizzalar\u0131yla tan\u0131n\u0131r. Kullan\u0131lan t\u00fcm malzemeler taze ve katk\u0131s\u0131zd\u0131r, pizzalar\u0131 geleneksel Napoli tariflerine sad\u0131k kalarak haz\u0131rlan\u0131r. Men\u00fcs\u00fcnde klasik Margherita (domates sosu, mozzarella, fesle\u011fen), Spinaci (mozzarella, ricotta, krema, [&hellip;]","og_url":"https:\/\/www.bugun.app\/en\/product\/pizzeria-il-pellicano\/","og_site_name":"bugun","article_modified_time":"2025-01-06T18:53:54+00:00","twitter_card":"summary_large_image","twitter_misc":{"Est. reading time":"1 minute"},"schema":{"@context":"https:\/\/schema.org","@graph":[{"@type":"WebPage","@id":"https:\/\/www.bugun.app\/en\/product\/pizzeria-il-pellicano\/","url":"https:\/\/www.bugun.app\/en\/product\/pizzeria-il-pellicano\/","name":"Pizzeria Il Pellicano - bugun","isPartOf":{"@id":"https:\/\/www.bugun.app\/en\/#website"},"datePublished":"2025-01-03T22:42:09+00:00","dateModified":"2025-01-06T18:53:54+00:00","breadcrumb":{"@id":"https:\/\/www.bugun.app\/en\/product\/pizzeria-il-pellicano\/#breadcrumb"},"inLanguage":"en-US","potentialAction":[{"@type":"ReadAction","target":["https:\/\/www.bugun.app\/en\/product\/pizzeria-il-pellicano\/"]}]},{"@type":"BreadcrumbList","@id":"https:\/\/www.bugun.app\/en\/product\/pizzeria-il-pellicano\/#breadcrumb","itemListElement":[{"@type":"ListItem","position":1,"name":"Home","item":"https:\/\/www.bugun.app\/en\/"},{"@type":"ListItem","position":2,"name":"Shop","item":"https:\/\/www.bugun.app\/shop\/"},{"@type":"ListItem","position":3,"name":"Pizzeria Il Pellicano"}]},{"@type":"WebSite","@id":"https:\/\/www.bugun.app\/en\/#website","url":"https:\/\/www.bugun.app\/en\/","name":"bug\u00fcn","description":"bug\u00fcn ne yapsam?","publisher":{"@id":"https:\/\/www.bugun.app\/en\/#organization"},"potentialAction":[{"@type":"SearchAction","target":{"@type":"EntryPoint","urlTemplate":"https:\/\/www.bugun.app\/en\/?s={search_term_string}"},"query-input":{"@type":"PropertyValueSpecification","valueRequired":true,"valueName":"search_term_string"}}],"inLanguage":"en-US"},{"@type":"Organization","@id":"https:\/\/www.bugun.app\/en\/#organization","name":"bugun.app","url":"https:\/\/www.bugun.app\/en\/","logo":{"@type":"ImageObject","inLanguage":"en-US","@id":"https:\/\/www.bugun.app\/en\/#\/schema\/logo\/image\/","url":"https:\/\/www.bugun.app\/wp-content\/uploads\/2024\/12\/bugun-2.png","contentUrl":"https:\/\/www.bugun.app\/wp-content\/uploads\/2024\/12\/bugun-2.png","width":996,"height":494,"caption":"bugun.app"},"image":{"@id":"https:\/\/www.bugun.app\/en\/#\/schema\/logo\/image\/"},"sameAs":["https:\/\/www.instagram.com\/bugun.app\/"]}]}},"_links":{"self":[{"href":"https:\/\/www.bugun.app\/en\/wp-json\/wp\/v2\/product\/915","targetHints":{"allow":["GET"]}}],"collection":[{"href":"https:\/\/www.bugun.app\/en\/wp-json\/wp\/v2\/product"}],"about":[{"href":"https:\/\/www.bugun.app\/en\/wp-json\/wp\/v2\/types\/product"}],"replies":[{"embeddable":true,"href":"https:\/\/www.bugun.app\/en\/wp-json\/wp\/v2\/comments?post=915"}],"wp:attachment":[{"href":"https:\/\/www.bugun.app\/en\/wp-json\/wp\/v2\/media?parent=915"}],"wp:term":[{"taxonomy":"product_brand","embeddable":true,"href":"https:\/\/www.bugun.app\/en\/wp-json\/wp\/v2\/product_brand?post=915"},{"taxonomy":"product_cat","embeddable":true,"href":"https:\/\/www.bugun.app\/en\/wp-json\/wp\/v2\/product_cat?post=915"},{"taxonomy":"product_tag","embeddable":true,"href":"https:\/\/www.bugun.app\/en\/wp-json\/wp\/v2\/product_tag?post=915"}],"curies":[{"name":"wp","href":"https:\/\/api.w.org\/{rel}","templated":true}]}}