{"id":846,"date":"2024-12-31T00:51:11","date_gmt":"2024-12-30T21:51:11","guid":{"rendered":"https:\/\/www.bugun.app\/product\/tus-tesvikiye-2\/"},"modified":"2025-01-01T22:49:56","modified_gmt":"2025-01-01T19:49:56","slug":"tus-tesvikiye-2","status":"publish","type":"product","link":"https:\/\/www.bugun.app\/en\/product\/tus-tesvikiye-2\/","title":{"rendered":"T\u00fas Te\u015fvikiye"},"content":{"rendered":"<p>T\u00fas Te\u015fvikiye, Ni\u015fanta\u015f\u0131\u2019n\u0131n enerjisini, tapas k\u00fclt\u00fcr\u00fcn\u00fcn keyfiyle harmanlayan bir bulu\u015fma noktas\u0131. \u015eehrin kalabal\u0131\u011f\u0131ndan s\u0131yr\u0131l\u0131p, el yap\u0131m\u0131 \u015furuplarla haz\u0131rlanan yarat\u0131c\u0131 kokteyller e\u015fli\u011finde gastronomik bir yolculu\u011fa \u00e7\u0131kmaya haz\u0131r olun. Turuncu tonlar\u0131n\u0131n s\u0131cakl\u0131\u011f\u0131yla dekore edilmi\u015f mek\u00e2n, vintage plaklardan ilham alan k\u00f6\u015fesi ve se\u00e7kin m\u00fczik listeleriyle adeta bir zaman kaps\u00fcl\u00fc sunuyor\u200b\u200b.<\/p>\n<p>Men\u00fcde, Ege ve Akdeniz esintili tapaslardan karides kroket ve f\u00fcme etli bruschetta gibi \u00f6zel tatlar yer al\u0131rken, &#8220;T\u00fas Mule&#8221; ve &#8220;Berry Bliss&#8221; gibi imza kokteyller lezzet \u015f\u00f6lenini tamaml\u0131yor. Ak\u015fam saatlerinde y\u00fckselen ritimle, 80\u2019ler ve 90\u2019lar\u0131n dans m\u00fczikleriyle unutulmaz bir atmosfer yarat\u0131l\u0131yor\u200b\u200b. T\u00fas, dostlarla bir araya gelip g\u00fcn\u00fc keyifle sonland\u0131rmak ya da geceye g\u00fczel bir ba\u015flang\u0131\u00e7 yapmak i\u00e7in ideal\u200b.<\/p>\n","protected":false},"excerpt":{"rendered":"<p>T\u00fas Te\u015fvikiye, Ni\u015fanta\u015f\u0131\u2019n\u0131n enerjisini, tapas k\u00fclt\u00fcr\u00fcn\u00fcn keyfiyle harmanlayan bir bulu\u015fma noktas\u0131. \u015eehrin kalabal\u0131\u011f\u0131ndan s\u0131yr\u0131l\u0131p, el yap\u0131m\u0131 \u015furuplarla haz\u0131rlanan yarat\u0131c\u0131 kokteyller e\u015fli\u011finde gastronomik bir yolculu\u011fa \u00e7\u0131kmaya haz\u0131r olun. Turuncu tonlar\u0131n\u0131n s\u0131cakl\u0131\u011f\u0131yla dekore edilmi\u015f mek\u00e2n, vintage plaklardan ilham alan k\u00f6\u015fesi ve se\u00e7kin m\u00fczik listeleriyle adeta bir zaman kaps\u00fcl\u00fc sunuyor\u200b\u200b. Men\u00fcde, Ege ve Akdeniz esintili tapaslardan karides kroket [&hellip;]<\/p>\n","protected":false},"featured_media":0,"comment_status":"open","ping_status":"closed","template":"","meta":[],"product_brand":[],"product_cat":[22],"product_tag":[],"class_list":{"0":"post-846","1":"product","2":"type-product","3":"status-publish","5":"product_cat-listeo-booking","7":"first","8":"instock","9":"virtual","10":"sold-individually","11":"purchasable","12":"product-type-listing_booking"},"yoast_head":"<!-- This site is optimized with the Yoast SEO plugin v27.1.1 - https:\/\/yoast.com\/product\/yoast-seo-wordpress\/ -->\n<title>T\u00fas Te\u015fvikiye - bugun<\/title>\n<meta name=\"robots\" content=\"index, follow, max-snippet:-1, max-image-preview:large, max-video-preview:-1\" \/>\n<link rel=\"canonical\" href=\"https:\/\/www.bugun.app\/en\/product\/tus-tesvikiye-2\/\" \/>\n<meta property=\"og:locale\" content=\"en_US\" \/>\n<meta property=\"og:type\" content=\"article\" \/>\n<meta property=\"og:title\" content=\"T\u00fas Te\u015fvikiye - bugun\" \/>\n<meta property=\"og:description\" content=\"T\u00fas Te\u015fvikiye, Ni\u015fanta\u015f\u0131\u2019n\u0131n enerjisini, tapas k\u00fclt\u00fcr\u00fcn\u00fcn keyfiyle harmanlayan bir bulu\u015fma noktas\u0131. \u015eehrin kalabal\u0131\u011f\u0131ndan s\u0131yr\u0131l\u0131p, el yap\u0131m\u0131 \u015furuplarla haz\u0131rlanan yarat\u0131c\u0131 kokteyller e\u015fli\u011finde gastronomik bir yolculu\u011fa \u00e7\u0131kmaya haz\u0131r olun. Turuncu tonlar\u0131n\u0131n s\u0131cakl\u0131\u011f\u0131yla dekore edilmi\u015f mek\u00e2n, vintage plaklardan ilham alan k\u00f6\u015fesi ve se\u00e7kin m\u00fczik listeleriyle adeta bir zaman kaps\u00fcl\u00fc sunuyor\u200b\u200b. Men\u00fcde, Ege ve Akdeniz esintili tapaslardan karides kroket [&hellip;]\" \/>\n<meta property=\"og:url\" content=\"https:\/\/www.bugun.app\/en\/product\/tus-tesvikiye-2\/\" \/>\n<meta property=\"og:site_name\" content=\"bugun\" \/>\n<meta property=\"article:modified_time\" content=\"2025-01-01T19:49:56+00:00\" \/>\n<meta name=\"twitter:card\" content=\"summary_large_image\" \/>\n<meta name=\"twitter:label1\" content=\"Est. reading time\" \/>\n\t<meta name=\"twitter:data1\" content=\"1 minute\" \/>\n<script type=\"application\/ld+json\" class=\"yoast-schema-graph\">{\"@context\":\"https:\/\/schema.org\",\"@graph\":[{\"@type\":\"WebPage\",\"@id\":\"https:\/\/www.bugun.app\/en\/product\/tus-tesvikiye-2\/\",\"url\":\"https:\/\/www.bugun.app\/en\/product\/tus-tesvikiye-2\/\",\"name\":\"T\u00fas Te\u015fvikiye - bugun\",\"isPartOf\":{\"@id\":\"https:\/\/www.bugun.app\/en\/#website\"},\"datePublished\":\"2024-12-30T21:51:11+00:00\",\"dateModified\":\"2025-01-01T19:49:56+00:00\",\"breadcrumb\":{\"@id\":\"https:\/\/www.bugun.app\/en\/product\/tus-tesvikiye-2\/#breadcrumb\"},\"inLanguage\":\"en-US\",\"potentialAction\":[{\"@type\":\"ReadAction\",\"target\":[\"https:\/\/www.bugun.app\/en\/product\/tus-tesvikiye-2\/\"]}]},{\"@type\":\"BreadcrumbList\",\"@id\":\"https:\/\/www.bugun.app\/en\/product\/tus-tesvikiye-2\/#breadcrumb\",\"itemListElement\":[{\"@type\":\"ListItem\",\"position\":1,\"name\":\"Home\",\"item\":\"https:\/\/www.bugun.app\/en\/\"},{\"@type\":\"ListItem\",\"position\":2,\"name\":\"Shop\",\"item\":\"https:\/\/www.bugun.app\/shop\/\"},{\"@type\":\"ListItem\",\"position\":3,\"name\":\"T\u00fas Te\u015fvikiye\"}]},{\"@type\":\"WebSite\",\"@id\":\"https:\/\/www.bugun.app\/en\/#website\",\"url\":\"https:\/\/www.bugun.app\/en\/\",\"name\":\"bug\u00fcn\",\"description\":\"bug\u00fcn ne yapsam?\",\"publisher\":{\"@id\":\"https:\/\/www.bugun.app\/en\/#organization\"},\"potentialAction\":[{\"@type\":\"SearchAction\",\"target\":{\"@type\":\"EntryPoint\",\"urlTemplate\":\"https:\/\/www.bugun.app\/en\/?s={search_term_string}\"},\"query-input\":{\"@type\":\"PropertyValueSpecification\",\"valueRequired\":true,\"valueName\":\"search_term_string\"}}],\"inLanguage\":\"en-US\"},{\"@type\":\"Organization\",\"@id\":\"https:\/\/www.bugun.app\/en\/#organization\",\"name\":\"bugun.app\",\"url\":\"https:\/\/www.bugun.app\/en\/\",\"logo\":{\"@type\":\"ImageObject\",\"inLanguage\":\"en-US\",\"@id\":\"https:\/\/www.bugun.app\/en\/#\/schema\/logo\/image\/\",\"url\":\"https:\/\/www.bugun.app\/wp-content\/uploads\/2024\/12\/bugun-2.png\",\"contentUrl\":\"https:\/\/www.bugun.app\/wp-content\/uploads\/2024\/12\/bugun-2.png\",\"width\":996,\"height\":494,\"caption\":\"bugun.app\"},\"image\":{\"@id\":\"https:\/\/www.bugun.app\/en\/#\/schema\/logo\/image\/\"},\"sameAs\":[\"https:\/\/www.instagram.com\/bugun.app\/\"]}]}<\/script>\n<!-- \/ Yoast SEO plugin. -->","yoast_head_json":{"title":"T\u00fas Te\u015fvikiye - bugun","robots":{"index":"index","follow":"follow","max-snippet":"max-snippet:-1","max-image-preview":"max-image-preview:large","max-video-preview":"max-video-preview:-1"},"canonical":"https:\/\/www.bugun.app\/en\/product\/tus-tesvikiye-2\/","og_locale":"en_US","og_type":"article","og_title":"T\u00fas Te\u015fvikiye - bugun","og_description":"T\u00fas Te\u015fvikiye, Ni\u015fanta\u015f\u0131\u2019n\u0131n enerjisini, tapas k\u00fclt\u00fcr\u00fcn\u00fcn keyfiyle harmanlayan bir bulu\u015fma noktas\u0131. \u015eehrin kalabal\u0131\u011f\u0131ndan s\u0131yr\u0131l\u0131p, el yap\u0131m\u0131 \u015furuplarla haz\u0131rlanan yarat\u0131c\u0131 kokteyller e\u015fli\u011finde gastronomik bir yolculu\u011fa \u00e7\u0131kmaya haz\u0131r olun. Turuncu tonlar\u0131n\u0131n s\u0131cakl\u0131\u011f\u0131yla dekore edilmi\u015f mek\u00e2n, vintage plaklardan ilham alan k\u00f6\u015fesi ve se\u00e7kin m\u00fczik listeleriyle adeta bir zaman kaps\u00fcl\u00fc sunuyor\u200b\u200b. Men\u00fcde, Ege ve Akdeniz esintili tapaslardan karides kroket [&hellip;]","og_url":"https:\/\/www.bugun.app\/en\/product\/tus-tesvikiye-2\/","og_site_name":"bugun","article_modified_time":"2025-01-01T19:49:56+00:00","twitter_card":"summary_large_image","twitter_misc":{"Est. reading time":"1 minute"},"schema":{"@context":"https:\/\/schema.org","@graph":[{"@type":"WebPage","@id":"https:\/\/www.bugun.app\/en\/product\/tus-tesvikiye-2\/","url":"https:\/\/www.bugun.app\/en\/product\/tus-tesvikiye-2\/","name":"T\u00fas Te\u015fvikiye - bugun","isPartOf":{"@id":"https:\/\/www.bugun.app\/en\/#website"},"datePublished":"2024-12-30T21:51:11+00:00","dateModified":"2025-01-01T19:49:56+00:00","breadcrumb":{"@id":"https:\/\/www.bugun.app\/en\/product\/tus-tesvikiye-2\/#breadcrumb"},"inLanguage":"en-US","potentialAction":[{"@type":"ReadAction","target":["https:\/\/www.bugun.app\/en\/product\/tus-tesvikiye-2\/"]}]},{"@type":"BreadcrumbList","@id":"https:\/\/www.bugun.app\/en\/product\/tus-tesvikiye-2\/#breadcrumb","itemListElement":[{"@type":"ListItem","position":1,"name":"Home","item":"https:\/\/www.bugun.app\/en\/"},{"@type":"ListItem","position":2,"name":"Shop","item":"https:\/\/www.bugun.app\/shop\/"},{"@type":"ListItem","position":3,"name":"T\u00fas Te\u015fvikiye"}]},{"@type":"WebSite","@id":"https:\/\/www.bugun.app\/en\/#website","url":"https:\/\/www.bugun.app\/en\/","name":"bug\u00fcn","description":"bug\u00fcn ne yapsam?","publisher":{"@id":"https:\/\/www.bugun.app\/en\/#organization"},"potentialAction":[{"@type":"SearchAction","target":{"@type":"EntryPoint","urlTemplate":"https:\/\/www.bugun.app\/en\/?s={search_term_string}"},"query-input":{"@type":"PropertyValueSpecification","valueRequired":true,"valueName":"search_term_string"}}],"inLanguage":"en-US"},{"@type":"Organization","@id":"https:\/\/www.bugun.app\/en\/#organization","name":"bugun.app","url":"https:\/\/www.bugun.app\/en\/","logo":{"@type":"ImageObject","inLanguage":"en-US","@id":"https:\/\/www.bugun.app\/en\/#\/schema\/logo\/image\/","url":"https:\/\/www.bugun.app\/wp-content\/uploads\/2024\/12\/bugun-2.png","contentUrl":"https:\/\/www.bugun.app\/wp-content\/uploads\/2024\/12\/bugun-2.png","width":996,"height":494,"caption":"bugun.app"},"image":{"@id":"https:\/\/www.bugun.app\/en\/#\/schema\/logo\/image\/"},"sameAs":["https:\/\/www.instagram.com\/bugun.app\/"]}]}},"_links":{"self":[{"href":"https:\/\/www.bugun.app\/en\/wp-json\/wp\/v2\/product\/846","targetHints":{"allow":["GET"]}}],"collection":[{"href":"https:\/\/www.bugun.app\/en\/wp-json\/wp\/v2\/product"}],"about":[{"href":"https:\/\/www.bugun.app\/en\/wp-json\/wp\/v2\/types\/product"}],"replies":[{"embeddable":true,"href":"https:\/\/www.bugun.app\/en\/wp-json\/wp\/v2\/comments?post=846"}],"wp:attachment":[{"href":"https:\/\/www.bugun.app\/en\/wp-json\/wp\/v2\/media?parent=846"}],"wp:term":[{"taxonomy":"product_brand","embeddable":true,"href":"https:\/\/www.bugun.app\/en\/wp-json\/wp\/v2\/product_brand?post=846"},{"taxonomy":"product_cat","embeddable":true,"href":"https:\/\/www.bugun.app\/en\/wp-json\/wp\/v2\/product_cat?post=846"},{"taxonomy":"product_tag","embeddable":true,"href":"https:\/\/www.bugun.app\/en\/wp-json\/wp\/v2\/product_tag?post=846"}],"curies":[{"name":"wp","href":"https:\/\/api.w.org\/{rel}","templated":true}]}}